{"id":167,"date":"2024-03-20T16:57:42","date_gmt":"2024-03-20T15:57:42","guid":{"rendered":"https:\/\/adriantellotrainer.com\/?page_id=167"},"modified":"2026-03-24T20:13:47","modified_gmt":"2026-03-24T19:13:47","slug":"aviso-legal","status":"publish","type":"page","link":"https:\/\/adriantellotrainer.com\/index.php\/aviso-legal\/","title":{"rendered":"Aviso legal"},"content":{"rendered":"\t\t<div data-elementor-type=\"wp-page\" data-elementor-id=\"167\" class=\"elementor elementor-167\" data-elementor-post-type=\"page\">\n\t\t\t\t<div class=\"elementor-element elementor-element-05a7873 e-con-full e-flex e-con e-parent\" data-id=\"05a7873\" data-element_type=\"container\" data-settings=\"{&quot;background_background&quot;:&quot;classic&quot;}\">\n\t\t\t\t<div class=\"elementor-element elementor-element-9a57677 elementor-widget elementor-widget-heading\" data-id=\"9a57677\" data-element_type=\"widget\" data-widget_type=\"heading.default\">\n\t\t\t\t<div class=\"elementor-widget-container\">\n\t\t\t\t\t<h1 class=\"elementor-heading-title elementor-size-default\">AVISO LEGAL<\/h1>\t\t\t\t<\/div>\n\t\t\t\t<\/div>\n\t\t\t\t<\/div>\n\t\t<div class=\"elementor-element elementor-element-9748906 e-flex e-con-boxed e-con e-parent\" data-id=\"9748906\" data-element_type=\"container\">\n\t\t\t\t\t<div class=\"e-con-inner\">\n\t\t\t\t<div class=\"elementor-element elementor-element-3f67f7a elementor-widget elementor-widget-text-editor\" data-id=\"3f67f7a\" data-element_type=\"widget\" data-widget_type=\"text-editor.default\">\n\t\t\t\t<div class=\"elementor-widget-container\">\n\t\t\t\t\t\t\t\t\t<p>El presente aviso legal regula el uso y utilizaci\u00f3n del sitio web adriantellotrainer.com del que es titular ADRI\u00c1N TELLO BENEIT.<\/p><p>La navegaci\u00f3n por el sitio web de adriantellotrainer.com le atribuye la condici\u00f3n de USUARIO del mismo y conlleva su aceptaci\u00f3n plena y sin reservas de todas y cada una de las condiciones publicadas en este aviso legal, advirtiendo de que dichas condiciones podr\u00e1n ser modificadas sin notificaci\u00f3n previa por parte de Adri\u00e1n Tello , en cuyo caso se proceder\u00e1 a su publicaci\u00f3n y aviso con la m\u00e1xima antelaci\u00f3n posible.<\/p><p>Por ello es recomendable leer atentamente su contenido en caso de desear acceder y hacer uso de la informaci\u00f3n y de los servicios ofrecidos desde este sitio web.<\/p><p>El usuario adem\u00e1s, se obliga a hacer un uso correcto del sitio web de conformidad con las leyes, la buena fe, el orden p\u00fablico, los usos del tr\u00e1fico y el presente Aviso Legal, y responder\u00e1 frente a Adri\u00e1n Tello o frente a terceros, de cualesquiera da\u00f1os y perjuicios que pudieran causarse como consecuencia del incumplimiento de dicha obligaci\u00f3n.<\/p><p>Cualquier utilizaci\u00f3n distinta a la autorizada est\u00e1 expresamente prohibida, pudiendo Adri\u00e1n Tello denegar o retirar el acceso y su uso en cualquier momento.<\/p><p><strong>\u00a02 IDENTIFICACI\u00d3N<\/strong><\/p><p>Adri\u00e1n Tello , en cumplimiento de la Ley 34\/2002, de 11 de julio, de Servicios de la Sociedad de la Informaci\u00f3n y de Comercio Electr\u00f3nico, le informa de que:<\/p><ul><li>Su denominaci\u00f3n social es : ADRI\u00c1N TELLO BENEIT<\/li><li>Su nombre comercial es: ADRI\u00c1N TELLO BENEIT<\/li><li>Su CIF es: 17459774Z<\/li><li>Su domicilio social est\u00e1 en Avenida San Antonio 2D. Cuarte de Huerva (Zaragoza). CP: 50410<\/li><li>\u00a0<\/li><\/ul><p><strong>\u00a03. COMUNICACIONES<\/strong><\/p><p>Para comunicarse con nosotros, ponemos a su disposici\u00f3n diferentes medios de contacto que detallamos a continuaci\u00f3n:<\/p><ul><li>Tel\u00e9fono: 614247166<\/li><li>Email: <a href=\"mailto:adriantellotrainer@gmail.com\">adriantellotrainer@gmail.com<\/a><\/li><li>Direcci\u00f3n postal: Avenida San Antonio 2D. Cuarte de Huerva (Zaragoza). CP: 50410<\/li><\/ul><p>Todas las notificaciones y comunicaciones entre los usuarios y Adri\u00e1n Tello se considerar\u00e1n eficaces, a todos los efectos, cuando se realicen a trav\u00e9s de cualquier medio de los detallados anteriormente.<\/p><p><strong>\u00a04 CONDICIONES DE ACCESO Y UTILIZACI\u00d3N<\/strong><\/p><p>El sitio web y sus servicios son de acceso libre y gratuito. No obstante, Adri\u00e1n Tello puede condicionar la utilizaci\u00f3n de algunos de los servicios ofrecidos en su web a la previa cumplimentaci\u00f3n del correspondiente formulario.<\/p><p>El usuario garantiza la autenticidad y actualidad de todos aquellos datos que comunique a Adri\u00e1n Tello y ser\u00e1 el \u00fanico responsable de las manifestaciones falsas o inexactas que realice.<\/p><p>El usuario se compromete expresamente a hacer un uso adecuado de los contenidos y servicios de Adri\u00e1n Tello y a no emplearlos para, entre otros:<\/p><ul><li>Difundir contenidos delictivos, violentos, pornogr\u00e1ficos, racistas, xen\u00f3fobos, ofensivos, de apolog\u00eda del terrorismo o, en general, contrarios a la ley o al orden p\u00fablico.<\/li><li>Introducir en la red virus inform\u00e1ticos o realizar actuaciones susceptibles de alterar, estropear, interrumpir o generar errores o da\u00f1os en los documentos electr\u00f3nicos, datos o sistemas f\u00edsicos y l\u00f3gicos de Adri\u00e1n Tello de terceras personas; as\u00ed como obstaculizar el acceso de otros usuarios al sitio web y a sus servicios mediante el consumo masivo de los recursos inform\u00e1ticos a trav\u00e9s de los cuales Adri\u00e1n Tello presta sus servicios.<\/li><li>Intentar acceder a las cuentas de correo electr\u00f3nico de otros usuarios o a \u00e1reas restringidas de los sistemas inform\u00e1ticos de Adri\u00e1n Tello o de terceros y, en su caso, extraer informaci\u00f3n.<\/li><li>Vulnerar los derechos de propiedad intelectual o industrial, as\u00ed como violar la confidencialidad de la informaci\u00f3n de Adri\u00e1n Tello o de<\/li><li>Suplantar la identidad de cualquier otro<\/li><li>Reproducir, copiar, distribuir, poner a disposici\u00f3n de, o cualquier otra forma de comunicaci\u00f3n p\u00fablica, transformar o modificar los contenidos, a menos que se cuente con la autorizaci\u00f3n del titular de los correspondientes derechos o ello resulte legalmente permitido.<\/li><li>Recabar datos con finalidad publicitaria y de remitir publicidad de cualquier clase y comunicaciones con fines de venta u otras de naturaleza comercial sin que medie su previa solicitud.<\/li><\/ul><p>Todos los contenidos del sitio web, como textos, fotograf\u00edas, gr\u00e1ficos, im\u00e1genes, iconos, tecnolog\u00eda, software, as\u00ed como su dise\u00f1o gr\u00e1fico y c\u00f3digos fuente, constituyen una obra cuya propiedad pertenece a Adri\u00e1n Tello , sin que puedan entenderse cedidos al usuario ninguno de los derechos de explotaci\u00f3n sobre los mismos m\u00e1s all\u00e1 de lo estrictamente necesario para el correcto uso de la web.<\/p><p>En definitiva, los usuarios que accedan a este sitio web pueden visualizar los contenidos y efectuar, en su caso, copias privadas autorizadas siempre que los elementos reproducidos no sean cedidos posteriormente a terceros, ni se instalen a servidores conectados a redes, ni sean objeto de ning\u00fan tipo de explotaci\u00f3n.<\/p><p>Asimismo, todas las marcas, nombres comerciales o signos distintivos de cualquier clase que aparecen en el sitio web son propiedad de Adri\u00e1n Tello , sin que pueda entenderse que el uso o acceso al mismo atribuya al usuario derecho alguno sobre los mismos.<\/p><p>La distribuci\u00f3n, modificaci\u00f3n, cesi\u00f3n o comunicaci\u00f3n p\u00fablica de los contenidos y cualquier otro acto que no haya sido expresamente autorizado por el titular de los derechos de explotaci\u00f3n quedan prohibidos.<\/p><p>El establecimiento de un hiperenlace no implica en ning\u00fan caso la existencia de relaciones entre Adri\u00e1n Tello y el propietario del sitio web en la que se establezca, ni la aceptaci\u00f3n y aprobaci\u00f3n por parte de Adri\u00e1n Tello de sus contenidos o servicios.<\/p><p>Adri\u00e1n Tello no se responsabiliza del uso que cada usuario le d\u00e9 a los materiales puestos a disposici\u00f3n en este sitio web ni de las actuaciones que realice en base a los mismos.<\/p><ul><li>EXCLUSI\u00d3N DE GARANT\u00cdAS Y DE RESPONSABILIDAD EN EL ACCESO Y LA UTILIZACI\u00d3N<\/li><\/ul><p>El presente apartado no pretende limitar la responsabilidad de Adri\u00e1n Tello de forma contraria a lo dispuesto en las normativas nacionales aplicables, ni excluir su responsabilidad en casos en los que, en virtud de dichas normativas, no pueda declinarla.<\/p><p>Adri\u00e1n Tello excluye, hasta donde permite el ordenamiento jur\u00eddico, cualquier responsabilidad por los da\u00f1os y perjuicios de toda naturaleza derivados de:<\/p><ul><li>La imposibilidad de acceso al sitio<\/li><li>El incumplimiento de las leyes, la buena fe, el orden p\u00fablico, los usos del tr\u00e1fico y el presente aviso legal como consecuencia del uso incorrecto<\/li><\/ul><p>del sitio web. En particular, y a modo ejemplificativo, Adri\u00e1n Tello no se hace responsable de las actuaciones de terceros que vulneren derechos de propiedad intelectual e industrial, secretos empresariales, derechos al honor, a la intimidad personal y familiar y a la propia imagen, as\u00ed como la normativa en materia de competencia desleal y publicidad il\u00edcita.<\/p><p>Asimismo, Adri\u00e1n Tello declina cualquier responsabilidad respecto a la informaci\u00f3n que se halle fuera de esta web y no sea gestionada directamente por nuestro webmaster. La funci\u00f3n de los links que aparecen en esta web es exclusivamente la de informar al usuario sobre la existencia de otras fuentes susceptibles de ampliar los contenidos que ofrece este sitio web. Adri\u00e1n Tello<\/p><p>no garantiza ni se responsabiliza del funcionamiento o accesibilidad de los sitios enlazados; ni sugiere, invita o recomienda la visita a los mismos, por lo que tampoco ser\u00e1 responsable del resultado obtenido. Adri\u00e1n Tello no se responsabiliza del establecimiento de hiperv\u00ednculos por parte de terceros.<\/p><ul><li>PROCEDIMIENTO EN CASO DE REALIZACI\u00d3N DE ACTIVIDADES DE CAR\u00c1CTER IL\u00cdCITO<\/li><\/ul><p>En el caso de que cualquier usuario o un tercero considere que existen hechos o circunstancias que revelen el car\u00e1cter il\u00edcito de la utilizaci\u00f3n de cualquier contenido y\/o de la realizaci\u00f3n de cualquier actividad en las p\u00e1ginas web incluidas o accesibles a trav\u00e9s del sitio web, deber\u00e1 enviar una notificaci\u00f3n a Adri\u00e1n Tello identific\u00e1ndose debidamente y especificando las supuestas infracciones.<\/p><ul><li>PUBLICACIONES<\/li><\/ul><p>La informaci\u00f3n administrativa facilitada a trav\u00e9s del sitio web no sustituye la publicidad legal de las leyes, normativas, planes, disposiciones generales y actos que tengan que ser publicados formalmente a los diarios oficiales de las administraciones p\u00fablicas, que constituyen el \u00fanico instrumento que da fe de su autenticidad y contenido. La informaci\u00f3n disponible en este sitio web debe entenderse como una gu\u00eda sin prop\u00f3sito de validez legal.<\/p><p><strong>\u00a05.LEGISLACI\u00d3N APLICABLE<\/strong><\/p><p>Las condiciones presentes se regir\u00e1n por la legislaci\u00f3n espa\u00f1ola vigente. La lengua utilizada ser\u00e1 el Castellano<\/p>\t\t\t\t\t\t\t\t<\/div>\n\t\t\t\t<\/div>\n\t\t\t\t\t<\/div>\n\t\t\t\t<\/div>\n\t\t\t\t<\/div>\n\t\t","protected":false},"excerpt":{"rendered":"<p>AVISO LEGAL El presente aviso legal regula el uso y utilizaci\u00f3n del sitio web adriantellotrainer.com del que es titular ADRI\u00c1N TELLO BENEIT. La navegaci\u00f3n por el sitio web de adriantellotrainer.com le atribuye la condici\u00f3n de USUARIO del mismo y conlleva su aceptaci\u00f3n plena y sin reservas de todas y cada una de las condiciones publicadas [&hellip;]<\/p>\n","protected":false},"author":1,"featured_media":0,"parent":0,"menu_order":0,"comment_status":"closed","ping_status":"closed","template":"","meta":{"_joinchat":[],"footnotes":""},"class_list":["post-167","page","type-page","status-publish","hentry"],"yoast_head":"<!-- This site is optimized with the Yoast SEO plugin v26.4 - https:\/\/yoast.com\/wordpress\/plugins\/seo\/ -->\n<title>Aviso legal &#8211; Adrian Tello Trainer<\/title>\n<meta name=\"description\" content=\"Toda la info sobre: Aviso legal\" \/>\n<meta name=\"robots\" content=\"index, nofollow, max-snippet:-1, max-image-preview:large, max-video-preview:-1\" \/>\n<link rel=\"canonical\" href=\"https:\/\/adriantellotrainer.com\/index.php\/aviso-legal\/\" \/>\n<meta property=\"og:locale\" content=\"es_ES\" \/>\n<meta property=\"og:type\" content=\"article\" \/>\n<meta property=\"og:title\" content=\"Aviso legal &#8211; Adrian Tello Trainer\" \/>\n<meta property=\"og:description\" content=\"Toda la info sobre: Aviso legal\" \/>\n<meta property=\"og:url\" content=\"https:\/\/adriantellotrainer.com\/index.php\/aviso-legal\/\" \/>\n<meta property=\"og:site_name\" content=\"Adrian Tello Trainer\" \/>\n<meta property=\"article:publisher\" content=\"https:\/\/www.facebook.com\/profile.php?id=61550716225451\" \/>\n<meta property=\"article:modified_time\" content=\"2026-03-24T19:13:47+00:00\" \/>\n<meta property=\"og:image\" content=\"https:\/\/adriantellotrainer.com\/wp-content\/uploads\/2024\/03\/Sin-titulo-696-x-696-px.png\" \/>\n\t<meta property=\"og:image:width\" content=\"696\" \/>\n\t<meta property=\"og:image:height\" content=\"696\" \/>\n\t<meta property=\"og:image:type\" content=\"image\/png\" \/>\n<meta name=\"twitter:card\" content=\"summary_large_image\" \/>\n<script type=\"application\/ld+json\" class=\"yoast-schema-graph\">{\"@context\":\"https:\/\/schema.org\",\"@graph\":[{\"@type\":\"WebPage\",\"@id\":\"https:\/\/adriantellotrainer.com\/index.php\/aviso-legal\/\",\"url\":\"https:\/\/adriantellotrainer.com\/index.php\/aviso-legal\/\",\"name\":\"Aviso legal &#8211; Adrian Tello Trainer\",\"isPartOf\":{\"@id\":\"https:\/\/adriantellotrainer.com\/#website\"},\"datePublished\":\"2024-03-20T15:57:42+00:00\",\"dateModified\":\"2026-03-24T19:13:47+00:00\",\"description\":\"Toda la info sobre: Aviso legal\",\"breadcrumb\":{\"@id\":\"https:\/\/adriantellotrainer.com\/index.php\/aviso-legal\/#breadcrumb\"},\"inLanguage\":\"es\",\"potentialAction\":[{\"@type\":\"ReadAction\",\"target\":[\"https:\/\/adriantellotrainer.com\/index.php\/aviso-legal\/\"]}]},{\"@type\":\"BreadcrumbList\",\"@id\":\"https:\/\/adriantellotrainer.com\/index.php\/aviso-legal\/#breadcrumb\",\"itemListElement\":[{\"@type\":\"ListItem\",\"position\":1,\"name\":\"Portada\",\"item\":\"https:\/\/adriantellotrainer.com\/\"},{\"@type\":\"ListItem\",\"position\":2,\"name\":\"Aviso legal\"}]},{\"@type\":\"WebSite\",\"@id\":\"https:\/\/adriantellotrainer.com\/#website\",\"url\":\"https:\/\/adriantellotrainer.com\/\",\"name\":\"Adrian Tello Trainer\",\"description\":\"\",\"publisher\":{\"@id\":\"https:\/\/adriantellotrainer.com\/#organization\"},\"potentialAction\":[{\"@type\":\"SearchAction\",\"target\":{\"@type\":\"EntryPoint\",\"urlTemplate\":\"https:\/\/adriantellotrainer.com\/?s={search_term_string}\"},\"query-input\":{\"@type\":\"PropertyValueSpecification\",\"valueRequired\":true,\"valueName\":\"search_term_string\"}}],\"inLanguage\":\"es\"},{\"@type\":\"Organization\",\"@id\":\"https:\/\/adriantellotrainer.com\/#organization\",\"name\":\"Adrian Tello Trainer\",\"url\":\"https:\/\/adriantellotrainer.com\/\",\"logo\":{\"@type\":\"ImageObject\",\"inLanguage\":\"es\",\"@id\":\"https:\/\/adriantellotrainer.com\/#\/schema\/logo\/image\/\",\"url\":\"https:\/\/adriantellotrainer.com\/wp-content\/uploads\/2024\/03\/Sin-titulo-696-x-696-px.png\",\"contentUrl\":\"https:\/\/adriantellotrainer.com\/wp-content\/uploads\/2024\/03\/Sin-titulo-696-x-696-px.png\",\"width\":696,\"height\":696,\"caption\":\"Adrian Tello Trainer\"},\"image\":{\"@id\":\"https:\/\/adriantellotrainer.com\/#\/schema\/logo\/image\/\"},\"sameAs\":[\"https:\/\/www.facebook.com\/profile.php?id=61550716225451\",\"https:\/\/www.instagram.com\/adriaaantello\/\"]}]}<\/script>\n<!-- \/ Yoast SEO plugin. -->","yoast_head_json":{"title":"Aviso legal &#8211; Adrian Tello Trainer","description":"Toda la info sobre: Aviso legal","robots":{"index":"index","follow":"nofollow","max-snippet":"max-snippet:-1","max-image-preview":"max-image-preview:large","max-video-preview":"max-video-preview:-1"},"canonical":"https:\/\/adriantellotrainer.com\/index.php\/aviso-legal\/","og_locale":"es_ES","og_type":"article","og_title":"Aviso legal &#8211; Adrian Tello Trainer","og_description":"Toda la info sobre: Aviso legal","og_url":"https:\/\/adriantellotrainer.com\/index.php\/aviso-legal\/","og_site_name":"Adrian Tello Trainer","article_publisher":"https:\/\/www.facebook.com\/profile.php?id=61550716225451","article_modified_time":"2026-03-24T19:13:47+00:00","og_image":[{"width":696,"height":696,"url":"https:\/\/adriantellotrainer.com\/wp-content\/uploads\/2024\/03\/Sin-titulo-696-x-696-px.png","type":"image\/png"}],"twitter_card":"summary_large_image","schema":{"@context":"https:\/\/schema.org","@graph":[{"@type":"WebPage","@id":"https:\/\/adriantellotrainer.com\/index.php\/aviso-legal\/","url":"https:\/\/adriantellotrainer.com\/index.php\/aviso-legal\/","name":"Aviso legal &#8211; Adrian Tello Trainer","isPartOf":{"@id":"https:\/\/adriantellotrainer.com\/#website"},"datePublished":"2024-03-20T15:57:42+00:00","dateModified":"2026-03-24T19:13:47+00:00","description":"Toda la info sobre: Aviso legal","breadcrumb":{"@id":"https:\/\/adriantellotrainer.com\/index.php\/aviso-legal\/#breadcrumb"},"inLanguage":"es","potentialAction":[{"@type":"ReadAction","target":["https:\/\/adriantellotrainer.com\/index.php\/aviso-legal\/"]}]},{"@type":"BreadcrumbList","@id":"https:\/\/adriantellotrainer.com\/index.php\/aviso-legal\/#breadcrumb","itemListElement":[{"@type":"ListItem","position":1,"name":"Portada","item":"https:\/\/adriantellotrainer.com\/"},{"@type":"ListItem","position":2,"name":"Aviso legal"}]},{"@type":"WebSite","@id":"https:\/\/adriantellotrainer.com\/#website","url":"https:\/\/adriantellotrainer.com\/","name":"Adrian Tello Trainer","description":"","publisher":{"@id":"https:\/\/adriantellotrainer.com\/#organization"},"potentialAction":[{"@type":"SearchAction","target":{"@type":"EntryPoint","urlTemplate":"https:\/\/adriantellotrainer.com\/?s={search_term_string}"},"query-input":{"@type":"PropertyValueSpecification","valueRequired":true,"valueName":"search_term_string"}}],"inLanguage":"es"},{"@type":"Organization","@id":"https:\/\/adriantellotrainer.com\/#organization","name":"Adrian Tello Trainer","url":"https:\/\/adriantellotrainer.com\/","logo":{"@type":"ImageObject","inLanguage":"es","@id":"https:\/\/adriantellotrainer.com\/#\/schema\/logo\/image\/","url":"https:\/\/adriantellotrainer.com\/wp-content\/uploads\/2024\/03\/Sin-titulo-696-x-696-px.png","contentUrl":"https:\/\/adriantellotrainer.com\/wp-content\/uploads\/2024\/03\/Sin-titulo-696-x-696-px.png","width":696,"height":696,"caption":"Adrian Tello Trainer"},"image":{"@id":"https:\/\/adriantellotrainer.com\/#\/schema\/logo\/image\/"},"sameAs":["https:\/\/www.facebook.com\/profile.php?id=61550716225451","https:\/\/www.instagram.com\/adriaaantello\/"]}]}},"_links":{"self":[{"href":"https:\/\/adriantellotrainer.com\/index.php\/wp-json\/wp\/v2\/pages\/167","targetHints":{"allow":["GET"]}}],"collection":[{"href":"https:\/\/adriantellotrainer.com\/index.php\/wp-json\/wp\/v2\/pages"}],"about":[{"href":"https:\/\/adriantellotrainer.com\/index.php\/wp-json\/wp\/v2\/types\/page"}],"author":[{"embeddable":true,"href":"https:\/\/adriantellotrainer.com\/index.php\/wp-json\/wp\/v2\/users\/1"}],"replies":[{"embeddable":true,"href":"https:\/\/adriantellotrainer.com\/index.php\/wp-json\/wp\/v2\/comments?post=167"}],"version-history":[{"count":44,"href":"https:\/\/adriantellotrainer.com\/index.php\/wp-json\/wp\/v2\/pages\/167\/revisions"}],"predecessor-version":[{"id":1199,"href":"https:\/\/adriantellotrainer.com\/index.php\/wp-json\/wp\/v2\/pages\/167\/revisions\/1199"}],"wp:attachment":[{"href":"https:\/\/adriantellotrainer.com\/index.php\/wp-json\/wp\/v2\/media?parent=167"}],"curies":[{"name":"wp","href":"https:\/\/api.w.org\/{rel}","templated":true}]}}