{"id":182,"date":"2024-03-20T18:14:54","date_gmt":"2024-03-20T17:14:54","guid":{"rendered":"https:\/\/adriantellotrainer.com\/?page_id=182"},"modified":"2024-03-20T18:16:49","modified_gmt":"2024-03-20T17:16:49","slug":"politica-de-cookies","status":"publish","type":"page","link":"https:\/\/adriantellotrainer.com\/index.php\/politica-de-cookies\/","title":{"rendered":"Pol\u00edtica de Cookies"},"content":{"rendered":"\t\t<div data-elementor-type=\"wp-page\" data-elementor-id=\"182\" class=\"elementor elementor-182\" data-elementor-post-type=\"page\">\n\t\t\t\t<div class=\"elementor-element elementor-element-19f4d78 e-con-full e-flex e-con e-parent\" data-id=\"19f4d78\" data-element_type=\"container\" data-settings=\"{&quot;background_background&quot;:&quot;classic&quot;}\">\n\t\t\t\t<div class=\"elementor-element elementor-element-5d2f67a elementor-widget elementor-widget-heading\" data-id=\"5d2f67a\" data-element_type=\"widget\" data-widget_type=\"heading.default\">\n\t\t\t\t<div class=\"elementor-widget-container\">\n\t\t\t\t\t<h1 class=\"elementor-heading-title elementor-size-default\">POL\u00cdTICA DE COOKIES<\/h1>\t\t\t\t<\/div>\n\t\t\t\t<\/div>\n\t\t\t\t<\/div>\n\t\t<div class=\"elementor-element elementor-element-637e7a2 e-flex e-con-boxed e-con e-parent\" data-id=\"637e7a2\" data-element_type=\"container\">\n\t\t\t\t\t<div class=\"e-con-inner\">\n\t\t\t\t<div class=\"elementor-element elementor-element-dfbc1bf elementor-widget elementor-widget-text-editor\" data-id=\"dfbc1bf\" data-element_type=\"widget\" data-widget_type=\"text-editor.default\">\n\t\t\t\t<div class=\"elementor-widget-container\">\n\t\t\t\t\t\t\t\t\t<p>Lorem ipsum dolor sit amet, consectetur adipiscing elit. Ut elit tellus, luctus nec ullamcorper mattis, pulvinar dapibus leo.<\/p>\t\t\t\t\t\t\t\t<\/div>\n\t\t\t\t<\/div>\n\t\t\t\t\t<\/div>\n\t\t\t\t<\/div>\n\t\t\t\t<\/div>\n\t\t","protected":false},"excerpt":{"rendered":"<p>POL\u00cdTICA DE COOKIES Lorem fistrum por la gloria de mi madre esse jarl aliqua llevame al sircoo. De la pradera ullamco qu\u00e9 dise usteer est\u00e1 la cosa muy malar.<\/p>\n","protected":false},"author":1,"featured_media":174,"parent":0,"menu_order":0,"comment_status":"closed","ping_status":"closed","template":"","meta":{"_joinchat":[],"footnotes":""},"class_list":["post-182","page","type-page","status-publish","has-post-thumbnail","hentry"],"yoast_head":"<!-- This site is optimized with the Yoast SEO plugin v26.4 - https:\/\/yoast.com\/wordpress\/plugins\/seo\/ -->\n<title>Pol\u00edtica de Cookies &#8211; Adrian Tello Trainer<\/title>\n<meta name=\"description\" content=\"Toda la info sobre: Pol\u00edtica de Cookies\" \/>\n<meta name=\"robots\" content=\"index, nofollow, max-snippet:-1, max-image-preview:large, max-video-preview:-1\" \/>\n<link rel=\"canonical\" href=\"https:\/\/adriantellotrainer.com\/index.php\/politica-de-cookies\/\" \/>\n<meta property=\"og:locale\" content=\"es_ES\" \/>\n<meta property=\"og:type\" content=\"article\" \/>\n<meta property=\"og:title\" content=\"Pol\u00edtica de Cookies &#8211; Adrian Tello Trainer\" \/>\n<meta property=\"og:description\" content=\"Toda la info sobre: Pol\u00edtica de Cookies\" \/>\n<meta property=\"og:url\" content=\"https:\/\/adriantellotrainer.com\/index.php\/politica-de-cookies\/\" \/>\n<meta property=\"og:site_name\" content=\"Adrian Tello Trainer\" \/>\n<meta property=\"article:publisher\" content=\"https:\/\/www.facebook.com\/profile.php?id=61550716225451\" \/>\n<meta property=\"article:modified_time\" content=\"2024-03-20T17:16:49+00:00\" \/>\n<meta property=\"og:image\" content=\"https:\/\/adriantellotrainer.com\/wp-content\/uploads\/2024\/03\/banner.jpg\" \/>\n\t<meta property=\"og:image:width\" content=\"720\" \/>\n\t<meta property=\"og:image:height\" content=\"300\" \/>\n\t<meta property=\"og:image:type\" content=\"image\/jpeg\" \/>\n<meta name=\"twitter:card\" content=\"summary_large_image\" \/>\n<script type=\"application\/ld+json\" class=\"yoast-schema-graph\">{\"@context\":\"https:\/\/schema.org\",\"@graph\":[{\"@type\":\"WebPage\",\"@id\":\"https:\/\/adriantellotrainer.com\/index.php\/politica-de-cookies\/\",\"url\":\"https:\/\/adriantellotrainer.com\/index.php\/politica-de-cookies\/\",\"name\":\"Pol\u00edtica de Cookies &#8211; Adrian Tello Trainer\",\"isPartOf\":{\"@id\":\"https:\/\/adriantellotrainer.com\/#website\"},\"primaryImageOfPage\":{\"@id\":\"https:\/\/adriantellotrainer.com\/index.php\/politica-de-cookies\/#primaryimage\"},\"image\":{\"@id\":\"https:\/\/adriantellotrainer.com\/index.php\/politica-de-cookies\/#primaryimage\"},\"thumbnailUrl\":\"https:\/\/adriantellotrainer.com\/wp-content\/uploads\/2024\/03\/banner.jpg\",\"datePublished\":\"2024-03-20T17:14:54+00:00\",\"dateModified\":\"2024-03-20T17:16:49+00:00\",\"description\":\"Toda la info sobre: Pol\u00edtica de Cookies\",\"breadcrumb\":{\"@id\":\"https:\/\/adriantellotrainer.com\/index.php\/politica-de-cookies\/#breadcrumb\"},\"inLanguage\":\"es\",\"potentialAction\":[{\"@type\":\"ReadAction\",\"target\":[\"https:\/\/adriantellotrainer.com\/index.php\/politica-de-cookies\/\"]}]},{\"@type\":\"ImageObject\",\"inLanguage\":\"es\",\"@id\":\"https:\/\/adriantellotrainer.com\/index.php\/politica-de-cookies\/#primaryimage\",\"url\":\"https:\/\/adriantellotrainer.com\/wp-content\/uploads\/2024\/03\/banner.jpg\",\"contentUrl\":\"https:\/\/adriantellotrainer.com\/wp-content\/uploads\/2024\/03\/banner.jpg\",\"width\":720,\"height\":300},{\"@type\":\"BreadcrumbList\",\"@id\":\"https:\/\/adriantellotrainer.com\/index.php\/politica-de-cookies\/#breadcrumb\",\"itemListElement\":[{\"@type\":\"ListItem\",\"position\":1,\"name\":\"Portada\",\"item\":\"https:\/\/adriantellotrainer.com\/\"},{\"@type\":\"ListItem\",\"position\":2,\"name\":\"Pol\u00edtica de Cookies\"}]},{\"@type\":\"WebSite\",\"@id\":\"https:\/\/adriantellotrainer.com\/#website\",\"url\":\"https:\/\/adriantellotrainer.com\/\",\"name\":\"Adrian Tello Trainer\",\"description\":\"\",\"publisher\":{\"@id\":\"https:\/\/adriantellotrainer.com\/#organization\"},\"potentialAction\":[{\"@type\":\"SearchAction\",\"target\":{\"@type\":\"EntryPoint\",\"urlTemplate\":\"https:\/\/adriantellotrainer.com\/?s={search_term_string}\"},\"query-input\":{\"@type\":\"PropertyValueSpecification\",\"valueRequired\":true,\"valueName\":\"search_term_string\"}}],\"inLanguage\":\"es\"},{\"@type\":\"Organization\",\"@id\":\"https:\/\/adriantellotrainer.com\/#organization\",\"name\":\"Adrian Tello Trainer\",\"url\":\"https:\/\/adriantellotrainer.com\/\",\"logo\":{\"@type\":\"ImageObject\",\"inLanguage\":\"es\",\"@id\":\"https:\/\/adriantellotrainer.com\/#\/schema\/logo\/image\/\",\"url\":\"https:\/\/adriantellotrainer.com\/wp-content\/uploads\/2024\/03\/Sin-titulo-696-x-696-px.png\",\"contentUrl\":\"https:\/\/adriantellotrainer.com\/wp-content\/uploads\/2024\/03\/Sin-titulo-696-x-696-px.png\",\"width\":696,\"height\":696,\"caption\":\"Adrian Tello Trainer\"},\"image\":{\"@id\":\"https:\/\/adriantellotrainer.com\/#\/schema\/logo\/image\/\"},\"sameAs\":[\"https:\/\/www.facebook.com\/profile.php?id=61550716225451\",\"https:\/\/www.instagram.com\/adriaaantello\/\"]}]}<\/script>\n<!-- \/ Yoast SEO plugin. -->","yoast_head_json":{"title":"Pol\u00edtica de Cookies &#8211; Adrian Tello Trainer","description":"Toda la info sobre: Pol\u00edtica de Cookies","robots":{"index":"index","follow":"nofollow","max-snippet":"max-snippet:-1","max-image-preview":"max-image-preview:large","max-video-preview":"max-video-preview:-1"},"canonical":"https:\/\/adriantellotrainer.com\/index.php\/politica-de-cookies\/","og_locale":"es_ES","og_type":"article","og_title":"Pol\u00edtica de Cookies &#8211; Adrian Tello Trainer","og_description":"Toda la info sobre: Pol\u00edtica de Cookies","og_url":"https:\/\/adriantellotrainer.com\/index.php\/politica-de-cookies\/","og_site_name":"Adrian Tello Trainer","article_publisher":"https:\/\/www.facebook.com\/profile.php?id=61550716225451","article_modified_time":"2024-03-20T17:16:49+00:00","og_image":[{"width":720,"height":300,"url":"https:\/\/adriantellotrainer.com\/wp-content\/uploads\/2024\/03\/banner.jpg","type":"image\/jpeg"}],"twitter_card":"summary_large_image","schema":{"@context":"https:\/\/schema.org","@graph":[{"@type":"WebPage","@id":"https:\/\/adriantellotrainer.com\/index.php\/politica-de-cookies\/","url":"https:\/\/adriantellotrainer.com\/index.php\/politica-de-cookies\/","name":"Pol\u00edtica de Cookies &#8211; Adrian Tello Trainer","isPartOf":{"@id":"https:\/\/adriantellotrainer.com\/#website"},"primaryImageOfPage":{"@id":"https:\/\/adriantellotrainer.com\/index.php\/politica-de-cookies\/#primaryimage"},"image":{"@id":"https:\/\/adriantellotrainer.com\/index.php\/politica-de-cookies\/#primaryimage"},"thumbnailUrl":"https:\/\/adriantellotrainer.com\/wp-content\/uploads\/2024\/03\/banner.jpg","datePublished":"2024-03-20T17:14:54+00:00","dateModified":"2024-03-20T17:16:49+00:00","description":"Toda la info sobre: Pol\u00edtica de Cookies","breadcrumb":{"@id":"https:\/\/adriantellotrainer.com\/index.php\/politica-de-cookies\/#breadcrumb"},"inLanguage":"es","potentialAction":[{"@type":"ReadAction","target":["https:\/\/adriantellotrainer.com\/index.php\/politica-de-cookies\/"]}]},{"@type":"ImageObject","inLanguage":"es","@id":"https:\/\/adriantellotrainer.com\/index.php\/politica-de-cookies\/#primaryimage","url":"https:\/\/adriantellotrainer.com\/wp-content\/uploads\/2024\/03\/banner.jpg","contentUrl":"https:\/\/adriantellotrainer.com\/wp-content\/uploads\/2024\/03\/banner.jpg","width":720,"height":300},{"@type":"BreadcrumbList","@id":"https:\/\/adriantellotrainer.com\/index.php\/politica-de-cookies\/#breadcrumb","itemListElement":[{"@type":"ListItem","position":1,"name":"Portada","item":"https:\/\/adriantellotrainer.com\/"},{"@type":"ListItem","position":2,"name":"Pol\u00edtica de Cookies"}]},{"@type":"WebSite","@id":"https:\/\/adriantellotrainer.com\/#website","url":"https:\/\/adriantellotrainer.com\/","name":"Adrian Tello Trainer","description":"","publisher":{"@id":"https:\/\/adriantellotrainer.com\/#organization"},"potentialAction":[{"@type":"SearchAction","target":{"@type":"EntryPoint","urlTemplate":"https:\/\/adriantellotrainer.com\/?s={search_term_string}"},"query-input":{"@type":"PropertyValueSpecification","valueRequired":true,"valueName":"search_term_string"}}],"inLanguage":"es"},{"@type":"Organization","@id":"https:\/\/adriantellotrainer.com\/#organization","name":"Adrian Tello Trainer","url":"https:\/\/adriantellotrainer.com\/","logo":{"@type":"ImageObject","inLanguage":"es","@id":"https:\/\/adriantellotrainer.com\/#\/schema\/logo\/image\/","url":"https:\/\/adriantellotrainer.com\/wp-content\/uploads\/2024\/03\/Sin-titulo-696-x-696-px.png","contentUrl":"https:\/\/adriantellotrainer.com\/wp-content\/uploads\/2024\/03\/Sin-titulo-696-x-696-px.png","width":696,"height":696,"caption":"Adrian Tello Trainer"},"image":{"@id":"https:\/\/adriantellotrainer.com\/#\/schema\/logo\/image\/"},"sameAs":["https:\/\/www.facebook.com\/profile.php?id=61550716225451","https:\/\/www.instagram.com\/adriaaantello\/"]}]}},"_links":{"self":[{"href":"https:\/\/adriantellotrainer.com\/index.php\/wp-json\/wp\/v2\/pages\/182","targetHints":{"allow":["GET"]}}],"collection":[{"href":"https:\/\/adriantellotrainer.com\/index.php\/wp-json\/wp\/v2\/pages"}],"about":[{"href":"https:\/\/adriantellotrainer.com\/index.php\/wp-json\/wp\/v2\/types\/page"}],"author":[{"embeddable":true,"href":"https:\/\/adriantellotrainer.com\/index.php\/wp-json\/wp\/v2\/users\/1"}],"replies":[{"embeddable":true,"href":"https:\/\/adriantellotrainer.com\/index.php\/wp-json\/wp\/v2\/comments?post=182"}],"version-history":[{"count":7,"href":"https:\/\/adriantellotrainer.com\/index.php\/wp-json\/wp\/v2\/pages\/182\/revisions"}],"predecessor-version":[{"id":189,"href":"https:\/\/adriantellotrainer.com\/index.php\/wp-json\/wp\/v2\/pages\/182\/revisions\/189"}],"wp:featuredmedia":[{"embeddable":true,"href":"https:\/\/adriantellotrainer.com\/index.php\/wp-json\/wp\/v2\/media\/174"}],"wp:attachment":[{"href":"https:\/\/adriantellotrainer.com\/index.php\/wp-json\/wp\/v2\/media?parent=182"}],"curies":[{"name":"wp","href":"https:\/\/api.w.org\/{rel}","templated":true}]}}