{"id":190,"date":"2024-03-20T18:18:07","date_gmt":"2024-03-20T17:18:07","guid":{"rendered":"https:\/\/adriantellotrainer.com\/?page_id=190"},"modified":"2026-03-24T20:08:52","modified_gmt":"2026-03-24T19:08:52","slug":"politica-de-privacidad","status":"publish","type":"page","link":"https:\/\/adriantellotrainer.com\/index.php\/politica-de-privacidad\/","title":{"rendered":"Pol\u00edtica de Privacidad"},"content":{"rendered":"\t\t<div data-elementor-type=\"wp-page\" data-elementor-id=\"190\" class=\"elementor elementor-190\" data-elementor-post-type=\"page\">\n\t\t\t\t<div class=\"elementor-element elementor-element-c33b256 e-con-full e-flex e-con e-parent\" data-id=\"c33b256\" data-element_type=\"container\" data-settings=\"{&quot;background_background&quot;:&quot;classic&quot;}\">\n\t\t\t\t<div class=\"elementor-element elementor-element-2eecde9 elementor-widget elementor-widget-heading\" data-id=\"2eecde9\" data-element_type=\"widget\" data-widget_type=\"heading.default\">\n\t\t\t\t<div class=\"elementor-widget-container\">\n\t\t\t\t\t<h1 class=\"elementor-heading-title elementor-size-default\">pol\u00edtica de privacidad<\/h1>\t\t\t\t<\/div>\n\t\t\t\t<\/div>\n\t\t\t\t<\/div>\n\t\t<div class=\"elementor-element elementor-element-32b80d4 e-flex e-con-boxed e-con e-parent\" data-id=\"32b80d4\" data-element_type=\"container\">\n\t\t\t\t\t<div class=\"e-con-inner\">\n\t\t\t\t<div class=\"elementor-element elementor-element-dcb51b6 elementor-widget elementor-widget-text-editor\" data-id=\"dcb51b6\" data-element_type=\"widget\" data-widget_type=\"text-editor.default\">\n\t\t\t\t<div class=\"elementor-widget-container\">\n\t\t\t\t\t\t\t\t\t<p>En cumplimiento de lo establecido en el Reglamento (UE) 2016\/679 del Parlamento Europeo y del Consejo de 27 de abril de 2016 relativo a la protecci\u00f3n de las personas f\u00edsicas en lo que respecta al tratamiento de datos personales y a la libre circulaci\u00f3n de estos y en la Ley Org\u00e1nica 3\/2018, de 5 de diciembre, de Protecci\u00f3n de Datos Personales y garant\u00eda de los derechos digitales, as\u00ed como en su normativa de desarrollo, les facilitamos informaci\u00f3n ampliada en la presente Pol\u00edtica de Privacidad.<\/p><p><strong>Qui\u00e9n es el responsable del tratamiento de sus datos<\/strong><\/p><p>\u25cf Identidad: ADRI\u00c1N TELLO BENEIT<\/p><p>\u25cf Direcci\u00f3n Postal: Cuarte de Huerva\u00a0<\/p><p>\u25cf Tel\u00e9fono: 614247166<\/p><p>\u25cf Correo electr\u00f3nico: adriantellotrainer@gmail.com<\/p><p><strong>Con qu\u00e9 finalidad tratamos sus datos personales<\/strong><\/p><p>Adri\u00e1n Tello tratamos la informaci\u00f3n que nos facilitan las personas interesadas con el fin de prestar los servicios ofrecidos por nuestro estudio de fotograf\u00eda.<\/p><p>No se van a tomar decisiones automatizadas en base a los datos proporcionados.<\/p><p><strong>Por cu\u00e1nto tiempo conservaremos sus datos<\/strong><\/p><p>Los datos personales proporcionados se conservar\u00e1n por el tiempo imprescindible para la prestaci\u00f3n del servicio solicitado o comercializaci\u00f3n del producto, mientras el interesado no solicite su supresi\u00f3n y durante los plazos legalmente establecidos.<\/p><p><strong>Cu\u00e1l es la legitimaci\u00f3n para el tratamiento de sus datos<\/strong><\/p><p>La base legal para el tratamiento de sus datos ser\u00e1, seg\u00fan el caso, el consentimiento del interesado, la ejecuci\u00f3n de un contrato o el inter\u00e9s leg\u00edtimo.<\/p><p><strong>A qu\u00e9 destinatarios se comunicar\u00e1n sus datos<\/strong><\/p><p>Los datos no se comunicar\u00e1n a terceros salvo obligaci\u00f3n legal.<\/p><p><strong>Transferencias de datos a terceros pa\u00edses<\/strong><\/p><p>No est\u00e1n previstas transferencias de datos a terceros pa\u00edses.<\/p><p><strong>C\u00f3mo hemos obtenido sus datos<\/strong><\/p><p>Los datos provienen del propio interesado, o bien del padre, madre o tutor legal en caso de menores de 14 a\u00f1os o personas incapacitadas judicialmente.<\/p><p><strong>Cu\u00e1les son sus derechos cuando nos facilita sus datos<\/strong><\/p><p>Cualquier persona tiene derecho a obtener informaci\u00f3n sobre si Adri\u00e1n Tello estamos tratando datos personales que les conciernan, o no.<\/p><p>Las personas interesadas tienen derecho a acceder a sus datos personales, as\u00ed como a solicitar la rectificaci\u00f3n de los datos inexactos o, en su caso, solicitar su supresi\u00f3n cuando, entre otros motivos, los datos ya no sean necesarios para los fines que fueron recogidos. Igualmente tiene derecho a la portabilidad de sus datos.<\/p><p>En determinadas circunstancias, los interesados podr\u00e1n solicitar la limitaci\u00f3n<\/p><p>del tratamiento de sus datos, en cuyo caso \u00fanicamente los conservaremos para el ejercicio o la defensa de reclamaciones.<\/p><p>En determinadas circunstancias y por motivos relacionados con su situaci\u00f3n particular, los interesados podr\u00e1n oponerse al tratamiento de sus datos. En este caso, Adri\u00e1n Tello dejar\u00e1 de tratar los datos, salvo por motivos leg\u00edtimos imperiosos, o el ejercicio o la defensa de posibles reclamaciones.<\/p><p>Podr\u00e1 ejercitar materialmente sus derechos enviando un correo electr\u00f3nico a adriantellotrainer@gmail.com identific\u00e1ndose debidamente e indicando de forma expresa el concreto derecho que se quiere ejercer.<\/p><p>Si ha otorgado su consentimiento para alguna finalidad concreta, tiene derecho a retirar el consentimiento otorgado en cualquier momento, sin que ello afecte a la licitud del tratamiento basado en el consentimiento previo a su retirada.<\/p><p>En caso de que sienta vulnerados sus derechos en lo concerniente a la protecci\u00f3n de sus datos personales, especialmente cuando no haya obtenido satisfacci\u00f3n en el ejercicio de sus derechos, puede dirigirse al Delegado de Protecci\u00f3n de Datos, si ha sido designado, o presentar una reclamaci\u00f3n ante la Autoridad de Control en materia de Protecci\u00f3n de Datos competente a trav\u00e9s de su sitio web: www.aepd.es<\/p><p><strong>M\u00e1s informaci\u00f3n sobre el tratamiento de sus datos<\/strong><\/p><p>Cuando precisemos obtener informaci\u00f3n por su parte, siempre le solicitaremos que nos la proporcione voluntariamente prestando su consentimiento de forma expresa a trav\u00e9s de los medios habilitados para ello.<\/p><p>El tratamiento de los datos recabados a trav\u00e9s de los formularios de recogida de datos del sitio web u otras v\u00edas, quedar\u00e1 incorporado al Registro de Actividades de Tratamiento del cual es responsable Adri\u00e1n Tello.<\/p><p>Adri\u00e1n Tello trata los datos de forma confidencial y adopta las medidas t\u00e9cnicas y organizativas apropiadas para garantizar el nivel de seguridad adecuado al<\/p><p>tratamiento, en cumplimiento de lo requerido por el Reglamento (UE) 2016\/679 del Parlamento Europeo y del Consejo de 27 de abril de 2016 y dem\u00e1s normativa aplicable en materia de Protecci\u00f3n de Datos.<\/p><p>No obstante, Adri\u00e1n Tello no puede garantizar la absoluta invulnerabilidad de los sistemas, por tanto, no asume ninguna responsabilidad por los da\u00f1os y perjuicios derivados de alteraciones que terceros puedan causar en los sistemas inform\u00e1ticos, documentos electr\u00f3nicos o ficheros del usuario.<\/p><p>Si opta por abandonar nuestro sitio web a trav\u00e9s de enlaces a sitios web no pertenecientes a nuestra entidad, Adri\u00e1n Tello no se har\u00e1 responsable de las pol\u00edticas de privacidad de dichos sitios web ni de las cookies que \u00e9stos puedan almacenar en el ordenador del usuario<\/p>\t\t\t\t\t\t\t\t<\/div>\n\t\t\t\t<\/div>\n\t\t\t\t\t<\/div>\n\t\t\t\t<\/div>\n\t\t\t\t<\/div>\n\t\t","protected":false},"excerpt":{"rendered":"<p>pol\u00edtica de privacidad En cumplimiento de lo establecido en el Reglamento (UE) 2016\/679 del Parlamento Europeo y del Consejo de 27 de abril de 2016 relativo a la protecci\u00f3n de las personas f\u00edsicas en lo que respecta al tratamiento de datos personales y a la libre circulaci\u00f3n de estos y en la Ley Org\u00e1nica 3\/2018, [&hellip;]<\/p>\n","protected":false},"author":1,"featured_media":174,"parent":0,"menu_order":0,"comment_status":"closed","ping_status":"closed","template":"","meta":{"_joinchat":[],"footnotes":""},"class_list":["post-190","page","type-page","status-publish","has-post-thumbnail","hentry"],"yoast_head":"<!-- This site is optimized with the Yoast SEO plugin v26.4 - https:\/\/yoast.com\/wordpress\/plugins\/seo\/ -->\n<title>Pol\u00edtica de Privacidad &#8211; Adrian Tello Trainer<\/title>\n<meta name=\"description\" content=\"Toda la info sobre: Pol\u00edtica de Privacidad\" \/>\n<meta name=\"robots\" content=\"index, nofollow, max-snippet:-1, max-image-preview:large, max-video-preview:-1\" \/>\n<link rel=\"canonical\" href=\"https:\/\/adriantellotrainer.com\/index.php\/politica-de-privacidad\/\" \/>\n<meta property=\"og:locale\" content=\"es_ES\" \/>\n<meta property=\"og:type\" content=\"article\" \/>\n<meta property=\"og:title\" content=\"Pol\u00edtica de Privacidad &#8211; Adrian Tello Trainer\" \/>\n<meta property=\"og:description\" content=\"Toda la info sobre: Pol\u00edtica de Privacidad\" \/>\n<meta property=\"og:url\" content=\"https:\/\/adriantellotrainer.com\/index.php\/politica-de-privacidad\/\" \/>\n<meta property=\"og:site_name\" content=\"Adrian Tello Trainer\" \/>\n<meta property=\"article:publisher\" content=\"https:\/\/www.facebook.com\/profile.php?id=61550716225451\" \/>\n<meta property=\"article:modified_time\" content=\"2026-03-24T19:08:52+00:00\" \/>\n<meta property=\"og:image\" content=\"https:\/\/adriantellotrainer.com\/wp-content\/uploads\/2024\/03\/banner.jpg\" \/>\n\t<meta property=\"og:image:width\" content=\"720\" \/>\n\t<meta property=\"og:image:height\" content=\"300\" \/>\n\t<meta property=\"og:image:type\" content=\"image\/jpeg\" \/>\n<meta name=\"twitter:card\" content=\"summary_large_image\" \/>\n<script type=\"application\/ld+json\" class=\"yoast-schema-graph\">{\"@context\":\"https:\/\/schema.org\",\"@graph\":[{\"@type\":\"WebPage\",\"@id\":\"https:\/\/adriantellotrainer.com\/index.php\/politica-de-privacidad\/\",\"url\":\"https:\/\/adriantellotrainer.com\/index.php\/politica-de-privacidad\/\",\"name\":\"Pol\u00edtica de Privacidad &#8211; Adrian Tello Trainer\",\"isPartOf\":{\"@id\":\"https:\/\/adriantellotrainer.com\/#website\"},\"primaryImageOfPage\":{\"@id\":\"https:\/\/adriantellotrainer.com\/index.php\/politica-de-privacidad\/#primaryimage\"},\"image\":{\"@id\":\"https:\/\/adriantellotrainer.com\/index.php\/politica-de-privacidad\/#primaryimage\"},\"thumbnailUrl\":\"https:\/\/adriantellotrainer.com\/wp-content\/uploads\/2024\/03\/banner.jpg\",\"datePublished\":\"2024-03-20T17:18:07+00:00\",\"dateModified\":\"2026-03-24T19:08:52+00:00\",\"description\":\"Toda la info sobre: Pol\u00edtica de Privacidad\",\"breadcrumb\":{\"@id\":\"https:\/\/adriantellotrainer.com\/index.php\/politica-de-privacidad\/#breadcrumb\"},\"inLanguage\":\"es\",\"potentialAction\":[{\"@type\":\"ReadAction\",\"target\":[\"https:\/\/adriantellotrainer.com\/index.php\/politica-de-privacidad\/\"]}]},{\"@type\":\"ImageObject\",\"inLanguage\":\"es\",\"@id\":\"https:\/\/adriantellotrainer.com\/index.php\/politica-de-privacidad\/#primaryimage\",\"url\":\"https:\/\/adriantellotrainer.com\/wp-content\/uploads\/2024\/03\/banner.jpg\",\"contentUrl\":\"https:\/\/adriantellotrainer.com\/wp-content\/uploads\/2024\/03\/banner.jpg\",\"width\":720,\"height\":300},{\"@type\":\"BreadcrumbList\",\"@id\":\"https:\/\/adriantellotrainer.com\/index.php\/politica-de-privacidad\/#breadcrumb\",\"itemListElement\":[{\"@type\":\"ListItem\",\"position\":1,\"name\":\"Portada\",\"item\":\"https:\/\/adriantellotrainer.com\/\"},{\"@type\":\"ListItem\",\"position\":2,\"name\":\"Pol\u00edtica de Privacidad\"}]},{\"@type\":\"WebSite\",\"@id\":\"https:\/\/adriantellotrainer.com\/#website\",\"url\":\"https:\/\/adriantellotrainer.com\/\",\"name\":\"Adrian Tello Trainer\",\"description\":\"\",\"publisher\":{\"@id\":\"https:\/\/adriantellotrainer.com\/#organization\"},\"potentialAction\":[{\"@type\":\"SearchAction\",\"target\":{\"@type\":\"EntryPoint\",\"urlTemplate\":\"https:\/\/adriantellotrainer.com\/?s={search_term_string}\"},\"query-input\":{\"@type\":\"PropertyValueSpecification\",\"valueRequired\":true,\"valueName\":\"search_term_string\"}}],\"inLanguage\":\"es\"},{\"@type\":\"Organization\",\"@id\":\"https:\/\/adriantellotrainer.com\/#organization\",\"name\":\"Adrian Tello Trainer\",\"url\":\"https:\/\/adriantellotrainer.com\/\",\"logo\":{\"@type\":\"ImageObject\",\"inLanguage\":\"es\",\"@id\":\"https:\/\/adriantellotrainer.com\/#\/schema\/logo\/image\/\",\"url\":\"https:\/\/adriantellotrainer.com\/wp-content\/uploads\/2024\/03\/Sin-titulo-696-x-696-px.png\",\"contentUrl\":\"https:\/\/adriantellotrainer.com\/wp-content\/uploads\/2024\/03\/Sin-titulo-696-x-696-px.png\",\"width\":696,\"height\":696,\"caption\":\"Adrian Tello Trainer\"},\"image\":{\"@id\":\"https:\/\/adriantellotrainer.com\/#\/schema\/logo\/image\/\"},\"sameAs\":[\"https:\/\/www.facebook.com\/profile.php?id=61550716225451\",\"https:\/\/www.instagram.com\/adriaaantello\/\"]}]}<\/script>\n<!-- \/ Yoast SEO plugin. -->","yoast_head_json":{"title":"Pol\u00edtica de Privacidad &#8211; Adrian Tello Trainer","description":"Toda la info sobre: Pol\u00edtica de Privacidad","robots":{"index":"index","follow":"nofollow","max-snippet":"max-snippet:-1","max-image-preview":"max-image-preview:large","max-video-preview":"max-video-preview:-1"},"canonical":"https:\/\/adriantellotrainer.com\/index.php\/politica-de-privacidad\/","og_locale":"es_ES","og_type":"article","og_title":"Pol\u00edtica de Privacidad &#8211; Adrian Tello Trainer","og_description":"Toda la info sobre: Pol\u00edtica de Privacidad","og_url":"https:\/\/adriantellotrainer.com\/index.php\/politica-de-privacidad\/","og_site_name":"Adrian Tello Trainer","article_publisher":"https:\/\/www.facebook.com\/profile.php?id=61550716225451","article_modified_time":"2026-03-24T19:08:52+00:00","og_image":[{"width":720,"height":300,"url":"https:\/\/adriantellotrainer.com\/wp-content\/uploads\/2024\/03\/banner.jpg","type":"image\/jpeg"}],"twitter_card":"summary_large_image","schema":{"@context":"https:\/\/schema.org","@graph":[{"@type":"WebPage","@id":"https:\/\/adriantellotrainer.com\/index.php\/politica-de-privacidad\/","url":"https:\/\/adriantellotrainer.com\/index.php\/politica-de-privacidad\/","name":"Pol\u00edtica de Privacidad &#8211; Adrian Tello Trainer","isPartOf":{"@id":"https:\/\/adriantellotrainer.com\/#website"},"primaryImageOfPage":{"@id":"https:\/\/adriantellotrainer.com\/index.php\/politica-de-privacidad\/#primaryimage"},"image":{"@id":"https:\/\/adriantellotrainer.com\/index.php\/politica-de-privacidad\/#primaryimage"},"thumbnailUrl":"https:\/\/adriantellotrainer.com\/wp-content\/uploads\/2024\/03\/banner.jpg","datePublished":"2024-03-20T17:18:07+00:00","dateModified":"2026-03-24T19:08:52+00:00","description":"Toda la info sobre: Pol\u00edtica de Privacidad","breadcrumb":{"@id":"https:\/\/adriantellotrainer.com\/index.php\/politica-de-privacidad\/#breadcrumb"},"inLanguage":"es","potentialAction":[{"@type":"ReadAction","target":["https:\/\/adriantellotrainer.com\/index.php\/politica-de-privacidad\/"]}]},{"@type":"ImageObject","inLanguage":"es","@id":"https:\/\/adriantellotrainer.com\/index.php\/politica-de-privacidad\/#primaryimage","url":"https:\/\/adriantellotrainer.com\/wp-content\/uploads\/2024\/03\/banner.jpg","contentUrl":"https:\/\/adriantellotrainer.com\/wp-content\/uploads\/2024\/03\/banner.jpg","width":720,"height":300},{"@type":"BreadcrumbList","@id":"https:\/\/adriantellotrainer.com\/index.php\/politica-de-privacidad\/#breadcrumb","itemListElement":[{"@type":"ListItem","position":1,"name":"Portada","item":"https:\/\/adriantellotrainer.com\/"},{"@type":"ListItem","position":2,"name":"Pol\u00edtica de Privacidad"}]},{"@type":"WebSite","@id":"https:\/\/adriantellotrainer.com\/#website","url":"https:\/\/adriantellotrainer.com\/","name":"Adrian Tello Trainer","description":"","publisher":{"@id":"https:\/\/adriantellotrainer.com\/#organization"},"potentialAction":[{"@type":"SearchAction","target":{"@type":"EntryPoint","urlTemplate":"https:\/\/adriantellotrainer.com\/?s={search_term_string}"},"query-input":{"@type":"PropertyValueSpecification","valueRequired":true,"valueName":"search_term_string"}}],"inLanguage":"es"},{"@type":"Organization","@id":"https:\/\/adriantellotrainer.com\/#organization","name":"Adrian Tello Trainer","url":"https:\/\/adriantellotrainer.com\/","logo":{"@type":"ImageObject","inLanguage":"es","@id":"https:\/\/adriantellotrainer.com\/#\/schema\/logo\/image\/","url":"https:\/\/adriantellotrainer.com\/wp-content\/uploads\/2024\/03\/Sin-titulo-696-x-696-px.png","contentUrl":"https:\/\/adriantellotrainer.com\/wp-content\/uploads\/2024\/03\/Sin-titulo-696-x-696-px.png","width":696,"height":696,"caption":"Adrian Tello Trainer"},"image":{"@id":"https:\/\/adriantellotrainer.com\/#\/schema\/logo\/image\/"},"sameAs":["https:\/\/www.facebook.com\/profile.php?id=61550716225451","https:\/\/www.instagram.com\/adriaaantello\/"]}]}},"_links":{"self":[{"href":"https:\/\/adriantellotrainer.com\/index.php\/wp-json\/wp\/v2\/pages\/190","targetHints":{"allow":["GET"]}}],"collection":[{"href":"https:\/\/adriantellotrainer.com\/index.php\/wp-json\/wp\/v2\/pages"}],"about":[{"href":"https:\/\/adriantellotrainer.com\/index.php\/wp-json\/wp\/v2\/types\/page"}],"author":[{"embeddable":true,"href":"https:\/\/adriantellotrainer.com\/index.php\/wp-json\/wp\/v2\/users\/1"}],"replies":[{"embeddable":true,"href":"https:\/\/adriantellotrainer.com\/index.php\/wp-json\/wp\/v2\/comments?post=190"}],"version-history":[{"count":28,"href":"https:\/\/adriantellotrainer.com\/index.php\/wp-json\/wp\/v2\/pages\/190\/revisions"}],"predecessor-version":[{"id":1193,"href":"https:\/\/adriantellotrainer.com\/index.php\/wp-json\/wp\/v2\/pages\/190\/revisions\/1193"}],"wp:featuredmedia":[{"embeddable":true,"href":"https:\/\/adriantellotrainer.com\/index.php\/wp-json\/wp\/v2\/media\/174"}],"wp:attachment":[{"href":"https:\/\/adriantellotrainer.com\/index.php\/wp-json\/wp\/v2\/media?parent=190"}],"curies":[{"name":"wp","href":"https:\/\/api.w.org\/{rel}","templated":true}]}}