{"id":44,"date":"2024-03-19T17:24:49","date_gmt":"2024-03-19T16:24:49","guid":{"rendered":"https:\/\/adriantellotrainer.com\/index.php\/contact\/"},"modified":"2026-03-24T20:11:07","modified_gmt":"2026-03-24T19:11:07","slug":"contact","status":"publish","type":"page","link":"https:\/\/adriantellotrainer.com\/index.php\/contact\/","title":{"rendered":"Contacto"},"content":{"rendered":"\t\t<div data-elementor-type=\"wp-page\" data-elementor-id=\"44\" class=\"elementor elementor-44\" data-elementor-post-type=\"page\">\n\t\t\t\t<div class=\"elementor-element elementor-element-40cc14d7 e-con-full e-flex e-con e-parent\" data-id=\"40cc14d7\" data-element_type=\"container\" data-settings=\"{&quot;background_background&quot;:&quot;classic&quot;}\">\n\t\t\t\t<div class=\"elementor-element elementor-element-30c4850f animated-slow elementor-invisible elementor-widget elementor-widget-heading\" data-id=\"30c4850f\" data-element_type=\"widget\" data-settings=\"{&quot;_animation&quot;:&quot;slideInUp&quot;}\" data-widget_type=\"heading.default\">\n\t\t\t\t<div class=\"elementor-widget-container\">\n\t\t\t\t\t<h2 class=\"elementor-heading-title elementor-size-default\">Me gustar\u00eda conocer tus objetivos<\/h2>\t\t\t\t<\/div>\n\t\t\t\t<\/div>\n\t\t\t\t<div class=\"elementor-element elementor-element-7fbea40f animated-slow elementor-invisible elementor-widget elementor-widget-heading\" data-id=\"7fbea40f\" data-element_type=\"widget\" data-settings=\"{&quot;_animation&quot;:&quot;slideInUp&quot;}\" data-widget_type=\"heading.default\">\n\t\t\t\t<div class=\"elementor-widget-container\">\n\t\t\t\t\t<h2 class=\"elementor-heading-title elementor-size-default\">Contacto<\/h2>\t\t\t\t<\/div>\n\t\t\t\t<\/div>\n\t\t<div class=\"elementor-element elementor-element-1e248311 e-con-full e-flex e-con e-child\" data-id=\"1e248311\" data-element_type=\"container\">\n\t\t<div class=\"elementor-element elementor-element-295696bc e-con-full e-flex e-con e-child\" data-id=\"295696bc\" data-element_type=\"container\">\n\t\t\t\t<div class=\"elementor-element elementor-element-4a0029cb elementor-widget elementor-widget-icon-box\" data-id=\"4a0029cb\" data-element_type=\"widget\" data-widget_type=\"icon-box.default\">\n\t\t\t\t<div class=\"elementor-widget-container\">\n\t\t\t\t\t\t\t<div class=\"elementor-icon-box-wrapper\">\n\n\t\t\t\n\t\t\t\t\t\t<div class=\"elementor-icon-box-content\">\n\n\t\t\t\t\t\t\t\t\t<h3 class=\"elementor-icon-box-title\">\n\t\t\t\t\t\t<span  >\n\t\t\t\t\t\t\tLocalizaci\u00f3n\t\t\t\t\t\t<\/span>\n\t\t\t\t\t<\/h3>\n\t\t\t\t\n\t\t\t\t\t\t\t\t\t<p class=\"elementor-icon-box-description\">\n\t\t\t\t\t\tClub de tiro de Zaragoza\t\t\t\t\t<\/p>\n\t\t\t\t\n\t\t\t<\/div>\n\t\t\t\n\t\t<\/div>\n\t\t\t\t\t\t<\/div>\n\t\t\t\t<\/div>\n\t\t\t\t<div class=\"elementor-element elementor-element-58432b38 elementor-widget elementor-widget-icon-box\" data-id=\"58432b38\" data-element_type=\"widget\" data-widget_type=\"icon-box.default\">\n\t\t\t\t<div class=\"elementor-widget-container\">\n\t\t\t\t\t\t\t<div class=\"elementor-icon-box-wrapper\">\n\n\t\t\t\n\t\t\t\t\t\t<div class=\"elementor-icon-box-content\">\n\n\t\t\t\t\t\t\t\t\t<h3 class=\"elementor-icon-box-title\">\n\t\t\t\t\t\t<span  >\n\t\t\t\t\t\t\tEnv\u00edanos Un correo\t\t\t\t\t\t<\/span>\n\t\t\t\t\t<\/h3>\n\t\t\t\t\n\t\t\t\t\t\t\t\t\t<p class=\"elementor-icon-box-description\">\n\t\t\t\t\t\tadriantellotrainer@gmail.com\t\t\t\t\t<\/p>\n\t\t\t\t\n\t\t\t<\/div>\n\t\t\t\n\t\t<\/div>\n\t\t\t\t\t\t<\/div>\n\t\t\t\t<\/div>\n\t\t\t\t<div class=\"elementor-element elementor-element-1aa7f652 elementor-widget elementor-widget-icon-box\" data-id=\"1aa7f652\" data-element_type=\"widget\" data-widget_type=\"icon-box.default\">\n\t\t\t\t<div class=\"elementor-widget-container\">\n\t\t\t\t\t\t\t<div class=\"elementor-icon-box-wrapper\">\n\n\t\t\t\n\t\t\t\t\t\t<div class=\"elementor-icon-box-content\">\n\n\t\t\t\t\t\t\t\t\t<h3 class=\"elementor-icon-box-title\">\n\t\t\t\t\t\t<span  >\n\t\t\t\t\t\t\tWhatsApp\t\t\t\t\t\t<\/span>\n\t\t\t\t\t<\/h3>\n\t\t\t\t\n\t\t\t\t\t\t\t\t\t<p class=\"elementor-icon-box-description\">\n\t\t\t\t\t\t614 24 71 66\t\t\t\t\t<\/p>\n\t\t\t\t\n\t\t\t<\/div>\n\t\t\t\n\t\t<\/div>\n\t\t\t\t\t\t<\/div>\n\t\t\t\t<\/div>\n\t\t\t\t<\/div>\n\t\t<div class=\"elementor-element elementor-element-3eb27fad e-con-full e-flex e-con e-child\" data-id=\"3eb27fad\" data-element_type=\"container\">\n\t\t\t\t<div class=\"elementor-element elementor-element-7068a6d4 elementor-widget elementor-widget-heading\" data-id=\"7068a6d4\" data-element_type=\"widget\" data-widget_type=\"heading.default\">\n\t\t\t\t<div class=\"elementor-widget-container\">\n\t\t\t\t\t<h2 class=\"elementor-heading-title elementor-size-default\">Take the first step, we<BR>\n will take care for the rest<\/h2>\t\t\t\t<\/div>\n\t\t\t\t<\/div>\n\t\t\t\t<div class=\"elementor-element elementor-element-f58d1cc elementor-button-align-start elementor-tablet-button-align-stretch elementor-widget elementor-widget-form\" data-id=\"f58d1cc\" data-element_type=\"widget\" data-settings=\"{&quot;button_width_tablet&quot;:&quot;100&quot;,&quot;step_next_label&quot;:&quot;Next&quot;,&quot;step_previous_label&quot;:&quot;Previous&quot;,&quot;button_width&quot;:&quot;100&quot;,&quot;step_type&quot;:&quot;number_text&quot;,&quot;step_icon_shape&quot;:&quot;circle&quot;}\" data-widget_type=\"form.default\">\n\t\t\t\t<div class=\"elementor-widget-container\">\n\t\t\t\t\t\t\t<form class=\"elementor-form\" method=\"post\" name=\"Contact Us\" aria-label=\"Contact Us\">\n\t\t\t<input type=\"hidden\" name=\"post_id\" value=\"44\"\/>\n\t\t\t<input type=\"hidden\" name=\"form_id\" value=\"f58d1cc\"\/>\n\t\t\t<input type=\"hidden\" name=\"referer_title\" value=\"Adrian Tello Trainer\" \/>\n\n\t\t\t\n\t\t\t<div class=\"elementor-form-fields-wrapper elementor-labels-\">\n\t\t\t\t\t\t\t\t<div class=\"elementor-field-type-text elementor-field-group elementor-column elementor-field-group-name elementor-col-100 elementor-md-50\">\n\t\t\t\t\t\t\t\t\t\t\t\t<label for=\"form-field-name\" class=\"elementor-field-label elementor-screen-only\">\n\t\t\t\t\t\t\t\tNombre\t\t\t\t\t\t\t<\/label>\n\t\t\t\t\t\t\t\t\t\t\t\t\t\t<input size=\"1\" type=\"text\" name=\"form_fields[name]\" id=\"form-field-name\" class=\"elementor-field elementor-size-sm  elementor-field-textual\" placeholder=\"*Nombre\">\n\t\t\t\t\t\t\t\t\t\t\t<\/div>\n\t\t\t\t\t\t\t\t<div class=\"elementor-field-type-tel elementor-field-group elementor-column elementor-field-group-field_719ed13 elementor-col-100 elementor-md-50 elementor-field-required\">\n\t\t\t\t\t\t\t\t\t\t\t\t<label for=\"form-field-field_719ed13\" class=\"elementor-field-label elementor-screen-only\">\n\t\t\t\t\t\t\t\tN\u00famero Tel\u00e9fono\t\t\t\t\t\t\t<\/label>\n\t\t\t\t\t\t\t\t<input size=\"1\" type=\"tel\" name=\"form_fields[field_719ed13]\" id=\"form-field-field_719ed13\" class=\"elementor-field elementor-size-sm  elementor-field-textual\" placeholder=\"*N\u00famero de Tel\u00e9fono\" required=\"required\" pattern=\"[0-9()#&amp;+*-=.]+\" title=\"Solo se aceptan n\u00fameros y caracteres de tel\u00e9fono (#,-,*,etc).\">\n\n\t\t\t\t\t\t<\/div>\n\t\t\t\t\t\t\t\t<div class=\"elementor-field-type-email elementor-field-group elementor-column elementor-field-group-email elementor-col-100 elementor-md-100 elementor-field-required\">\n\t\t\t\t\t\t\t\t\t\t\t\t<label for=\"form-field-email\" class=\"elementor-field-label elementor-screen-only\">\n\t\t\t\t\t\t\t\tEmail\t\t\t\t\t\t\t<\/label>\n\t\t\t\t\t\t\t\t\t\t\t\t\t\t<input size=\"1\" type=\"email\" name=\"form_fields[email]\" id=\"form-field-email\" class=\"elementor-field elementor-size-sm  elementor-field-textual\" placeholder=\"* Correo Electr\u00f3nico\" required=\"required\">\n\t\t\t\t\t\t\t\t\t\t\t<\/div>\n\t\t\t\t\t\t\t\t<div class=\"elementor-field-group elementor-column elementor-field-type-submit elementor-col-100 e-form__buttons elementor-md-100\">\n\t\t\t\t\t<button class=\"elementor-button elementor-size-sm elementor-animation-shrink\" type=\"submit\">\n\t\t\t\t\t\t<span class=\"elementor-button-content-wrapper\">\n\t\t\t\t\t\t\t\t\t\t\t\t\t\t\t\t\t\t\t\t\t\t<span class=\"elementor-button-text\">ENVIAR<\/span>\n\t\t\t\t\t\t\t\t\t\t\t\t\t<\/span>\n\t\t\t\t\t<\/button>\n\t\t\t\t<\/div>\n\t\t\t<\/div>\n\t\t<\/form>\n\t\t\t\t\t\t<\/div>\n\t\t\t\t<\/div>\n\t\t\t\t<\/div>\n\t\t\t\t<div class=\"elementor-element elementor-element-7db54857 elementor-widget elementor-widget-image\" data-id=\"7db54857\" data-element_type=\"widget\" data-widget_type=\"image.default\">\n\t\t\t\t<div class=\"elementor-widget-container\">\n\t\t\t\t\t\t\t\t\t\t\t\t\t\t\t<img fetchpriority=\"high\" decoding=\"async\" width=\"800\" height=\"800\" src=\"https:\/\/adriantellotrainer.com\/wp-content\/uploads\/2024\/03\/Tello-V2-1024x1024.jpg\" class=\"attachment-large size-large wp-image-223\" alt=\"Adri\u00e1n Tello Personal Trainer\" srcset=\"https:\/\/adriantellotrainer.com\/wp-content\/uploads\/2024\/03\/Tello-V2-1024x1024.jpg 1024w, https:\/\/adriantellotrainer.com\/wp-content\/uploads\/2024\/03\/Tello-V2-300x300.jpg 300w, https:\/\/adriantellotrainer.com\/wp-content\/uploads\/2024\/03\/Tello-V2-150x150.jpg 150w, https:\/\/adriantellotrainer.com\/wp-content\/uploads\/2024\/03\/Tello-V2-768x768.jpg 768w, https:\/\/adriantellotrainer.com\/wp-content\/uploads\/2024\/03\/Tello-V2.jpg 1080w\" sizes=\"(max-width: 800px) 100vw, 800px\" \/>\t\t\t\t\t\t\t\t\t\t\t\t\t\t\t<\/div>\n\t\t\t\t<\/div>\n\t\t\t\t<\/div>\n\t\t\t\t<\/div>\n\t\t\t\t<\/div>\n\t\t","protected":false},"excerpt":{"rendered":"<p>Me gustar\u00eda conocer tus objetivos Contacto Localizaci\u00f3n Club de tiro de Zaragoza Env\u00edanos Un correo adriantellotrainer@gmail.com WhatsApp 614 24 71 66 Take the first step, we will take care for the rest<\/p>\n","protected":false},"author":1,"featured_media":0,"parent":0,"menu_order":0,"comment_status":"closed","ping_status":"closed","template":"elementor_header_footer","meta":{"_joinchat":[],"footnotes":""},"class_list":["post-44","page","type-page","status-publish","hentry"],"yoast_head":"<!-- This site is optimized with the Yoast SEO plugin v26.4 - https:\/\/yoast.com\/wordpress\/plugins\/seo\/ -->\n<title>Contacto &#8211; Adrian Tello Trainer<\/title>\n<meta name=\"description\" content=\"Toda la info sobre: Contacto\" \/>\n<meta name=\"robots\" content=\"index, follow, max-snippet:-1, max-image-preview:large, max-video-preview:-1\" \/>\n<link rel=\"canonical\" href=\"https:\/\/adriantellotrainer.com\/index.php\/contact\/\" \/>\n<meta property=\"og:locale\" content=\"es_ES\" \/>\n<meta property=\"og:type\" content=\"article\" \/>\n<meta property=\"og:title\" content=\"Contacto &#8211; Adrian Tello Trainer\" \/>\n<meta property=\"og:description\" content=\"Toda la info sobre: Contacto\" \/>\n<meta property=\"og:url\" content=\"https:\/\/adriantellotrainer.com\/index.php\/contact\/\" \/>\n<meta property=\"og:site_name\" content=\"Adrian Tello Trainer\" \/>\n<meta property=\"article:publisher\" content=\"https:\/\/www.facebook.com\/profile.php?id=61550716225451\" \/>\n<meta property=\"article:modified_time\" content=\"2026-03-24T19:11:07+00:00\" \/>\n<meta property=\"og:image\" content=\"https:\/\/adriantellotrainer.com\/wp-content\/uploads\/2024\/03\/Tello-V2.jpg\" \/>\n\t<meta property=\"og:image:width\" content=\"1080\" \/>\n\t<meta property=\"og:image:height\" content=\"1080\" \/>\n\t<meta property=\"og:image:type\" content=\"image\/jpeg\" \/>\n<meta name=\"twitter:card\" content=\"summary_large_image\" \/>\n<script type=\"application\/ld+json\" class=\"yoast-schema-graph\">{\"@context\":\"https:\/\/schema.org\",\"@graph\":[{\"@type\":\"WebPage\",\"@id\":\"https:\/\/adriantellotrainer.com\/index.php\/contact\/\",\"url\":\"https:\/\/adriantellotrainer.com\/index.php\/contact\/\",\"name\":\"Contacto &#8211; Adrian Tello Trainer\",\"isPartOf\":{\"@id\":\"https:\/\/adriantellotrainer.com\/#website\"},\"primaryImageOfPage\":{\"@id\":\"https:\/\/adriantellotrainer.com\/index.php\/contact\/#primaryimage\"},\"image\":{\"@id\":\"https:\/\/adriantellotrainer.com\/index.php\/contact\/#primaryimage\"},\"thumbnailUrl\":\"https:\/\/adriantellotrainer.com\/wp-content\/uploads\/2024\/03\/Tello-V2-1024x1024.jpg\",\"datePublished\":\"2024-03-19T16:24:49+00:00\",\"dateModified\":\"2026-03-24T19:11:07+00:00\",\"description\":\"Toda la info sobre: Contacto\",\"breadcrumb\":{\"@id\":\"https:\/\/adriantellotrainer.com\/index.php\/contact\/#breadcrumb\"},\"inLanguage\":\"es\",\"potentialAction\":[{\"@type\":\"ReadAction\",\"target\":[\"https:\/\/adriantellotrainer.com\/index.php\/contact\/\"]}]},{\"@type\":\"ImageObject\",\"inLanguage\":\"es\",\"@id\":\"https:\/\/adriantellotrainer.com\/index.php\/contact\/#primaryimage\",\"url\":\"https:\/\/adriantellotrainer.com\/wp-content\/uploads\/2024\/03\/Tello-V2.jpg\",\"contentUrl\":\"https:\/\/adriantellotrainer.com\/wp-content\/uploads\/2024\/03\/Tello-V2.jpg\",\"width\":1080,\"height\":1080,\"caption\":\"Adri\u00e1n Tello Personal Trainer\"},{\"@type\":\"BreadcrumbList\",\"@id\":\"https:\/\/adriantellotrainer.com\/index.php\/contact\/#breadcrumb\",\"itemListElement\":[{\"@type\":\"ListItem\",\"position\":1,\"name\":\"Portada\",\"item\":\"https:\/\/adriantellotrainer.com\/\"},{\"@type\":\"ListItem\",\"position\":2,\"name\":\"Contacto\"}]},{\"@type\":\"WebSite\",\"@id\":\"https:\/\/adriantellotrainer.com\/#website\",\"url\":\"https:\/\/adriantellotrainer.com\/\",\"name\":\"Adrian Tello Trainer\",\"description\":\"\",\"publisher\":{\"@id\":\"https:\/\/adriantellotrainer.com\/#organization\"},\"potentialAction\":[{\"@type\":\"SearchAction\",\"target\":{\"@type\":\"EntryPoint\",\"urlTemplate\":\"https:\/\/adriantellotrainer.com\/?s={search_term_string}\"},\"query-input\":{\"@type\":\"PropertyValueSpecification\",\"valueRequired\":true,\"valueName\":\"search_term_string\"}}],\"inLanguage\":\"es\"},{\"@type\":\"Organization\",\"@id\":\"https:\/\/adriantellotrainer.com\/#organization\",\"name\":\"Adrian Tello Trainer\",\"url\":\"https:\/\/adriantellotrainer.com\/\",\"logo\":{\"@type\":\"ImageObject\",\"inLanguage\":\"es\",\"@id\":\"https:\/\/adriantellotrainer.com\/#\/schema\/logo\/image\/\",\"url\":\"https:\/\/adriantellotrainer.com\/wp-content\/uploads\/2024\/03\/Sin-titulo-696-x-696-px.png\",\"contentUrl\":\"https:\/\/adriantellotrainer.com\/wp-content\/uploads\/2024\/03\/Sin-titulo-696-x-696-px.png\",\"width\":696,\"height\":696,\"caption\":\"Adrian Tello Trainer\"},\"image\":{\"@id\":\"https:\/\/adriantellotrainer.com\/#\/schema\/logo\/image\/\"},\"sameAs\":[\"https:\/\/www.facebook.com\/profile.php?id=61550716225451\",\"https:\/\/www.instagram.com\/adriaaantello\/\"]}]}<\/script>\n<!-- \/ Yoast SEO plugin. -->","yoast_head_json":{"title":"Contacto &#8211; Adrian Tello Trainer","description":"Toda la info sobre: Contacto","robots":{"index":"index","follow":"follow","max-snippet":"max-snippet:-1","max-image-preview":"max-image-preview:large","max-video-preview":"max-video-preview:-1"},"canonical":"https:\/\/adriantellotrainer.com\/index.php\/contact\/","og_locale":"es_ES","og_type":"article","og_title":"Contacto &#8211; Adrian Tello Trainer","og_description":"Toda la info sobre: Contacto","og_url":"https:\/\/adriantellotrainer.com\/index.php\/contact\/","og_site_name":"Adrian Tello Trainer","article_publisher":"https:\/\/www.facebook.com\/profile.php?id=61550716225451","article_modified_time":"2026-03-24T19:11:07+00:00","og_image":[{"width":1080,"height":1080,"url":"https:\/\/adriantellotrainer.com\/wp-content\/uploads\/2024\/03\/Tello-V2.jpg","type":"image\/jpeg"}],"twitter_card":"summary_large_image","schema":{"@context":"https:\/\/schema.org","@graph":[{"@type":"WebPage","@id":"https:\/\/adriantellotrainer.com\/index.php\/contact\/","url":"https:\/\/adriantellotrainer.com\/index.php\/contact\/","name":"Contacto &#8211; Adrian Tello Trainer","isPartOf":{"@id":"https:\/\/adriantellotrainer.com\/#website"},"primaryImageOfPage":{"@id":"https:\/\/adriantellotrainer.com\/index.php\/contact\/#primaryimage"},"image":{"@id":"https:\/\/adriantellotrainer.com\/index.php\/contact\/#primaryimage"},"thumbnailUrl":"https:\/\/adriantellotrainer.com\/wp-content\/uploads\/2024\/03\/Tello-V2-1024x1024.jpg","datePublished":"2024-03-19T16:24:49+00:00","dateModified":"2026-03-24T19:11:07+00:00","description":"Toda la info sobre: Contacto","breadcrumb":{"@id":"https:\/\/adriantellotrainer.com\/index.php\/contact\/#breadcrumb"},"inLanguage":"es","potentialAction":[{"@type":"ReadAction","target":["https:\/\/adriantellotrainer.com\/index.php\/contact\/"]}]},{"@type":"ImageObject","inLanguage":"es","@id":"https:\/\/adriantellotrainer.com\/index.php\/contact\/#primaryimage","url":"https:\/\/adriantellotrainer.com\/wp-content\/uploads\/2024\/03\/Tello-V2.jpg","contentUrl":"https:\/\/adriantellotrainer.com\/wp-content\/uploads\/2024\/03\/Tello-V2.jpg","width":1080,"height":1080,"caption":"Adri\u00e1n Tello Personal Trainer"},{"@type":"BreadcrumbList","@id":"https:\/\/adriantellotrainer.com\/index.php\/contact\/#breadcrumb","itemListElement":[{"@type":"ListItem","position":1,"name":"Portada","item":"https:\/\/adriantellotrainer.com\/"},{"@type":"ListItem","position":2,"name":"Contacto"}]},{"@type":"WebSite","@id":"https:\/\/adriantellotrainer.com\/#website","url":"https:\/\/adriantellotrainer.com\/","name":"Adrian Tello Trainer","description":"","publisher":{"@id":"https:\/\/adriantellotrainer.com\/#organization"},"potentialAction":[{"@type":"SearchAction","target":{"@type":"EntryPoint","urlTemplate":"https:\/\/adriantellotrainer.com\/?s={search_term_string}"},"query-input":{"@type":"PropertyValueSpecification","valueRequired":true,"valueName":"search_term_string"}}],"inLanguage":"es"},{"@type":"Organization","@id":"https:\/\/adriantellotrainer.com\/#organization","name":"Adrian Tello Trainer","url":"https:\/\/adriantellotrainer.com\/","logo":{"@type":"ImageObject","inLanguage":"es","@id":"https:\/\/adriantellotrainer.com\/#\/schema\/logo\/image\/","url":"https:\/\/adriantellotrainer.com\/wp-content\/uploads\/2024\/03\/Sin-titulo-696-x-696-px.png","contentUrl":"https:\/\/adriantellotrainer.com\/wp-content\/uploads\/2024\/03\/Sin-titulo-696-x-696-px.png","width":696,"height":696,"caption":"Adrian Tello Trainer"},"image":{"@id":"https:\/\/adriantellotrainer.com\/#\/schema\/logo\/image\/"},"sameAs":["https:\/\/www.facebook.com\/profile.php?id=61550716225451","https:\/\/www.instagram.com\/adriaaantello\/"]}]}},"_links":{"self":[{"href":"https:\/\/adriantellotrainer.com\/index.php\/wp-json\/wp\/v2\/pages\/44","targetHints":{"allow":["GET"]}}],"collection":[{"href":"https:\/\/adriantellotrainer.com\/index.php\/wp-json\/wp\/v2\/pages"}],"about":[{"href":"https:\/\/adriantellotrainer.com\/index.php\/wp-json\/wp\/v2\/types\/page"}],"author":[{"embeddable":true,"href":"https:\/\/adriantellotrainer.com\/index.php\/wp-json\/wp\/v2\/users\/1"}],"replies":[{"embeddable":true,"href":"https:\/\/adriantellotrainer.com\/index.php\/wp-json\/wp\/v2\/comments?post=44"}],"version-history":[{"count":38,"href":"https:\/\/adriantellotrainer.com\/index.php\/wp-json\/wp\/v2\/pages\/44\/revisions"}],"predecessor-version":[{"id":1196,"href":"https:\/\/adriantellotrainer.com\/index.php\/wp-json\/wp\/v2\/pages\/44\/revisions\/1196"}],"wp:attachment":[{"href":"https:\/\/adriantellotrainer.com\/index.php\/wp-json\/wp\/v2\/media?parent=44"}],"curies":[{"name":"wp","href":"https:\/\/api.w.org\/{rel}","templated":true}]}}